{"id":109,"date":"2026-04-24T16:05:36","date_gmt":"2026-04-24T14:05:36","guid":{"rendered":"https:\/\/nevin.ict-stage.ch\/?page_id=109"},"modified":"2026-05-01T08:22:34","modified_gmt":"2026-05-01T06:22:34","slug":"startseite","status":"publish","type":"page","link":"https:\/\/nevin.ict-stage.ch\/","title":{"rendered":"Startseite"},"content":{"rendered":"<div class=\"et_pb_section_0 et_pb_section et_section_regular et_flex_section section_has_divider et_pb_bottom_divider\">\n<div class=\"et_pb_row_0 et_pb_row et_flex_row\">\n<div class=\"et_pb_column_0 et_pb_column et_flex_column et_pb_css_mix_blend_mode_passthrough et_flex_column_12_24 et_flex_column_12_24_tablet et_flex_column_24_24_phone\">\n<div class=\"et_pb_text_0 et_pb_text et_pb_bg_layout_light et_pb_module et_flex_module\"><div class=\"et_pb_text_inner\"><p>Willkommen im Norden!<\/p>\n<\/div><\/div>\n\n<div class=\"et_pb_text_1 et_pb_text et_pb_bg_layout_light et_pb_module et_flex_module\"><div class=\"et_pb_text_inner\"><p><span style=\"color: #ffffff;\">Erleben Sie<\/span><\/p>\n<p>die Sch\u00f6nheit<\/p>\n<p><span style=\"color: #ffffff;\">des Nordens<\/span><\/p>\n<\/div><\/div>\n\n<div class=\"et_pb_text_2 et_pb_text et_pb_bg_layout_light et_pb_module et_flex_module\"><div class=\"et_pb_text_inner\"><p>Entdecken Sie die majest\u00e4tischen Fjorde Norwegens, die faszinierende<\/p>\n<p>Polarlichter und die einzigartige Kultur dieses beeindruckenden Landes.<\/p>\n<\/div><\/div>\n<\/div>\n\n<div class=\"et_pb_column_1 et_pb_column et-last-child et_flex_column et_pb_column_empty et_pb_css_mix_blend_mode_passthrough et_flex_column_12_24 et_flex_column_12_24_tablet et_flex_column_24_24_phone\"><\/div>\n<\/div>\n<div class=\"et_pb_bottom_inside_divider et-no-transition\"><\/div><\/div>\n\n<div class=\"et_pb_section_1 et_pb_section et_section_regular et_flex_section\">\n<div class=\"et_pb_row_1 et_pb_row et_flex_row\">\n<div class=\"et_pb_column_2 et_pb_column et_flex_column et_pb_css_mix_blend_mode_passthrough et_flex_column_1_5 et_flex_column_12_24_tablet et_flex_column_24_24_phone\">\n<div class=\"et_pb_number_counter_0 et_pb_number_counter et_pb_bg_layout_light et_pb_text_align_center et_pb_with_title et_pb_module et_flex_module\"><div class=\"percent\"><p><span class=\"percent-value\"><\/span><span class=\"percent-sign\"><\/span><\/p><\/div><h3 class=\"title\">Fjorde<\/h3><\/div>\n\n<div class=\"et_pb_text_3 et_pb_text et_pb_bg_layout_light et_pb_module et_flex_module\"><div class=\"et_pb_text_inner\"><p>1190 Fjorde pr\u00e4gen die K\u00fcste Norwegens, darunter der ber\u00fchmte Geirangerfjord, der zum UNESCO-Weltnaturerbe geh\u00f6rt.<\/p>\n<\/div><\/div>\n<\/div>\n\n<div class=\"et_pb_column_3 et_pb_column et_flex_column et_pb_css_mix_blend_mode_passthrough et_flex_column_1_5 et_flex_column_12_24_tablet et_flex_column_24_24_phone\">\n<div class=\"et_pb_number_counter_1 et_pb_number_counter et_pb_bg_layout_light et_pb_text_align_center et_pb_with_title et_pb_module et_flex_module\"><div class=\"percent\"><p><span class=\"percent-value\"><\/span><span class=\"percent-sign\"><\/span><\/p><\/div><h3 class=\"title\">Fjorde<\/h3><\/div>\n\n<div class=\"et_pb_text_4 et_pb_text et_pb_bg_layout_light et_pb_module et_flex_module\"><div class=\"et_pb_text_inner\"><p>25000 Kilometer K\u00fcstenlinie \u2013 perfekt f\u00fcr Entdeckungen per Schiff, Kajak oder beim Angeln.<\/p>\n<\/div><\/div>\n<\/div>\n\n<div class=\"et_pb_column_4 et_pb_column et_flex_column et_pb_css_mix_blend_mode_passthrough et_flex_column_1_5 et_flex_column_12_24_tablet et_flex_column_24_24_phone\">\n<div class=\"et_pb_number_counter_2 et_pb_number_counter et_pb_bg_layout_light et_pb_text_align_center et_pb_with_title et_pb_module et_flex_module\"><div class=\"percent\"><p><span class=\"percent-value\"><\/span><span class=\"percent-sign\"><\/span><\/p><\/div><h3 class=\"title\">Fjorde<\/h3><\/div>\n\n<div class=\"et_pb_text_5 et_pb_text et_pb_bg_layout_light et_pb_module et_flex_module\"><div class=\"et_pb_text_inner\"><p>24h Tageslicht - geniessen Sie Mitternachtssonne im Sommer.<\/p>\n<\/div><\/div>\n<\/div>\n\n<div class=\"et_pb_column_5 et_pb_column et_flex_column et_pb_css_mix_blend_mode_passthrough et_flex_column_1_5 et_flex_column_12_24_tablet et_flex_column_24_24_phone\">\n<div class=\"et_pb_number_counter_3 et_pb_number_counter et_pb_bg_layout_light et_pb_text_align_center et_pb_with_title et_pb_module et_flex_module\"><div class=\"percent\"><p><span class=\"percent-value\"><\/span><span class=\"percent-sign\"><\/span><\/p><\/div><h3 class=\"title\">Fjorde<\/h3><\/div>\n\n<div class=\"et_pb_text_6 et_pb_text et_pb_bg_layout_light et_pb_module et_flex_module\"><div class=\"et_pb_text_inner\"><p>200 klare N\u00e4chte pro Jahr - Die Chance, die Polarlichter zu sehen, ist im Winter besonders hoch.<\/p>\n<\/div><\/div>\n<\/div>\n\n<div class=\"et_pb_column_6 et_pb_column et-last-child et_flex_column et_pb_css_mix_blend_mode_passthrough et_flex_column_1_5 et_flex_column_12_24_tablet et_flex_column_24_24_phone\">\n<div class=\"et_pb_number_counter_4 et_pb_number_counter et_pb_bg_layout_light et_pb_text_align_center et_pb_with_title et_pb_module et_flex_module\"><div class=\"percent\"><p><span class=\"percent-value\"><\/span><span class=\"percent-sign\"><\/span><\/p><\/div><h3 class=\"title\">Fjorde<\/h3><\/div>\n\n<div class=\"et_pb_text_7 et_pb_text et_pb_bg_layout_light et_pb_module et_flex_module\"><div class=\"et_pb_text_inner\"><p>46 Nationalparks laden dazu ein, Norwegens atemberaubende Natur zu Fuss oder mit dem Fahrrad zu erkunden.<\/p>\n<\/div><\/div>\n<\/div>\n<\/div>\n<\/div>","protected":false},"excerpt":{"rendered":"","protected":false},"author":1,"featured_media":0,"parent":0,"menu_order":0,"comment_status":"closed","ping_status":"closed","template":"","meta":{"footnotes":""},"class_list":["post-109","page","type-page","status-publish","hentry"],"_links":{"self":[{"href":"https:\/\/nevin.ict-stage.ch\/index.php\/wp-json\/wp\/v2\/pages\/109","targetHints":{"allow":["GET"]}}],"collection":[{"href":"https:\/\/nevin.ict-stage.ch\/index.php\/wp-json\/wp\/v2\/pages"}],"about":[{"href":"https:\/\/nevin.ict-stage.ch\/index.php\/wp-json\/wp\/v2\/types\/page"}],"author":[{"embeddable":true,"href":"https:\/\/nevin.ict-stage.ch\/index.php\/wp-json\/wp\/v2\/users\/1"}],"replies":[{"embeddable":true,"href":"https:\/\/nevin.ict-stage.ch\/index.php\/wp-json\/wp\/v2\/comments?post=109"}],"version-history":[{"count":49,"href":"https:\/\/nevin.ict-stage.ch\/index.php\/wp-json\/wp\/v2\/pages\/109\/revisions"}],"predecessor-version":[{"id":464,"href":"https:\/\/nevin.ict-stage.ch\/index.php\/wp-json\/wp\/v2\/pages\/109\/revisions\/464"}],"wp:attachment":[{"href":"https:\/\/nevin.ict-stage.ch\/index.php\/wp-json\/wp\/v2\/media?parent=109"}],"curies":[{"name":"wp","href":"https:\/\/api.w.org\/{rel}","templated":true}]}}