{"id":115,"date":"2026-04-24T16:33:57","date_gmt":"2026-04-24T14:33:57","guid":{"rendered":"https:\/\/nevin.ict-stage.ch\/?page_id=115"},"modified":"2026-05-01T08:59:17","modified_gmt":"2026-05-01T06:59:17","slug":"norwegen","status":"publish","type":"page","link":"https:\/\/nevin.ict-stage.ch\/index.php\/norwegen\/","title":{"rendered":"Norwegen"},"content":{"rendered":"<div class=\"et_pb_section_0 et_pb_section et_section_regular et_flex_section\">\n<div class=\"et_pb_row_0 et_pb_row et_flex_row\">\n<div class=\"et_pb_column_0 et_pb_column et-last-child et_flex_column et_pb_css_mix_blend_mode_passthrough et_flex_column_24_24 et_flex_column_24_24_tablet et_flex_column_24_24_phone\">\n<div class=\"et_pb_image_0 et_pb_image et_pb_module et_flex_module\"><span class=\"et_pb_image_wrap\"><img loading=\"lazy\" decoding=\"async\" src=\"https:\/\/nevin.ict-stage.ch\/wp-content\/uploads\/2026\/04\/Norwegen_Page.jpg\" title=\"Norwegen_Page\" width=\"1936\" height=\"663\" srcset=\"https:\/\/nevin.ict-stage.ch\/wp-content\/uploads\/2026\/04\/Norwegen_Page.jpg 1936w\" sizes=\"(max-width: 1936px) 100vw, 1936px\" class=\"wp-image-216\" \/><\/span><\/div>\n<\/div>\n<\/div>\n<\/div>\n\n<div class=\"et_pb_section_1 et_pb_section et_section_regular et_flex_section\">\n<div class=\"et_pb_row_1 et_pb_row et_flex_row\">\n<div class=\"et_pb_column_1 et_pb_column et-last-child et_flex_column et_pb_css_mix_blend_mode_passthrough et_flex_column_12_24 et_flex_column_12_24_tablet et_flex_column_24_24_phone\">\n<div class=\"et_pb_text_0 et_pb_text et_pb_bg_layout_light et_pb_module et_flex_module\"><div class=\"et_pb_text_inner\"><p>Tauchen Sie ein in Norwegens reiche Kultur<\/p>\n<\/div><\/div>\n<\/div>\n<\/div>\n<\/div>\n\n<div class=\"et_pb_section_2 et_pb_section et_section_regular et_flex_section\">\n<div class=\"et_pb_row_2 et_pb_row et_flex_row\">\n<div class=\"et_pb_column_2 et_pb_column et-last-child et_flex_column et_pb_css_mix_blend_mode_passthrough et_flex_column_24_24 et_flex_column_24_24_tablet et_flex_column_24_24_phone\">\n<div class=\"et_pb_text_1 et_pb_text et_pb_bg_layout_light et_pb_module et_flex_module\"><div class=\"et_pb_text_inner\"><p>Norwegen begeistert nicht nur mit atemberaubender Natur, sondern auch mit einer tief verwurzelten Kultur, die Tradition und Moderne verbindet. Jede Reise nach Norwegen ist auch eine kulturelle Entdeckungsreise.<\/p>\n<\/div><\/div>\n<\/div>\n<\/div>\n\n<div class=\"et_pb_row_3 et_pb_row et_flex_row et_animated\">\n<div class=\"et_pb_column_3 et_pb_column et_flex_column et_pb_css_mix_blend_mode_passthrough et_flex_column_12_24 et_flex_column_12_24_tablet et_flex_column_24_24_phone\">\n<div class=\"et_pb_image_1 et_pb_image et_pb_module et_flex_module transparent\"><a href=\"https:\/\/nevin.ict-stage.ch\/wp-content\/uploads\/2026\/04\/wickinger.jpg\" class=\"et_pb_lightbox_image\"><span class=\"et_pb_image_wrap\"><img loading=\"lazy\" decoding=\"async\" src=\"https:\/\/nevin.ict-stage.ch\/wp-content\/uploads\/2026\/04\/wickinger.jpg\" title=\"wickinger\" width=\"1264\" height=\"948\" srcset=\"https:\/\/nevin.ict-stage.ch\/wp-content\/uploads\/2026\/04\/wickinger.jpg 1264w\" sizes=\"(max-width: 1264px) 100vw, 1264px\" class=\"wp-image-241\" \/><\/span><\/a><\/div>\n\n<div class=\"et_pb_text_2 et_pb_text et_pb_bg_layout_light et_pb_module et_flex_module bild\"><div class=\"et_pb_text_inner\"><h6>Das Erbe der Wikinger<\/h6>\n<p>Die Wikingerzeit pr\u00e4gt Norwegens Identit\u00e4t bis heute. Historische St\u00e4tten, wie das Wikinger-Museum in Oslo oder erhaltene Wikingerschiffe, erz\u00e4hlen von der Abenteuerlust und dem Erfindungsreichtum dieser Seefahrer.<\/p>\n<\/div><\/div>\n<\/div>\n\n<div class=\"et_pb_column_4 et_pb_column et-last-child et_flex_column et_pb_css_mix_blend_mode_passthrough et_flex_column_12_24 et_flex_column_12_24_tablet et_flex_column_24_24_phone\">\n<div class=\"et_pb_image_2 et_pb_image et_pb_module et_flex_module transparent\"><a href=\"https:\/\/nevin.ict-stage.ch\/wp-content\/uploads\/2026\/04\/NOR_2.jpg\" class=\"et_pb_lightbox_image\"><span class=\"et_pb_image_wrap\"><img loading=\"lazy\" decoding=\"async\" src=\"https:\/\/nevin.ict-stage.ch\/wp-content\/uploads\/2026\/04\/NOR_2.jpg\" title=\"NOR_2\" width=\"1575\" height=\"1181\" srcset=\"https:\/\/nevin.ict-stage.ch\/wp-content\/uploads\/2026\/04\/NOR_2.jpg 1575w\" sizes=\"(max-width: 1575px) 100vw, 1575px\" class=\"wp-image-49\" \/><\/span><\/a><\/div>\n\n<div class=\"et_pb_text_3 et_pb_text et_pb_bg_layout_light et_pb_module et_flex_module bild\"><div class=\"et_pb_text_inner\"><h6>Verbundenheit mit der Natur<\/h6>\n<p>Norwegens Kultur ist eng mit der Natur verkn\u00fcpft. Traditionelle Bauweisen, wie die kunstvollen Stabkirchen, zeigen den tiefen Respekt der Norweger vor der Natur, der auch in ihrer Kunst und im Alltag zu sp\u00fcren ist.<\/p>\n<\/div><\/div>\n<\/div>\n<\/div>\n\n<div class=\"et_pb_row_4 et_pb_row et_flex_row et_animated\">\n<div class=\"et_pb_column_5 et_pb_column et_flex_column et_pb_css_mix_blend_mode_passthrough et_flex_column_12_24 et_flex_column_12_24_tablet et_flex_column_24_24_phone\">\n<div class=\"et_pb_image_3 et_pb_image et_pb_module et_flex_module transparent\"><a href=\"https:\/\/nevin.ict-stage.ch\/wp-content\/uploads\/2026\/04\/musik-und-tanz.jpg\" class=\"et_pb_lightbox_image\"><span class=\"et_pb_image_wrap\"><img loading=\"lazy\" decoding=\"async\" src=\"https:\/\/nevin.ict-stage.ch\/wp-content\/uploads\/2026\/04\/musik-und-tanz.jpg\" title=\"musik und tanz\" width=\"1334\" height=\"1000\" srcset=\"https:\/\/nevin.ict-stage.ch\/wp-content\/uploads\/2026\/04\/musik-und-tanz.jpg 1334w\" sizes=\"(max-width: 1334px) 100vw, 1334px\" class=\"wp-image-243\" \/><\/span><\/a><\/div>\n\n<div class=\"et_pb_text_4 et_pb_text et_pb_bg_layout_light et_pb_module et_flex_module\"><div class=\"et_pb_text_inner\"><h6>Volksmusik und Tanz<\/h6>\n<p>Norwegens Volksmusik und traditionelle T\u00e4nze wie der \"Halling\" spiegeln die Lebensfreude des Landes wider. Besonders in den l\u00e4ndlichen Regionen sind diese Br\u00e4uche lebendig und werden bei Festivals gefeiert.<\/p>\n<\/div><\/div>\n<\/div>\n\n<div class=\"et_pb_column_6 et_pb_column et-last-child et_flex_column et_pb_css_mix_blend_mode_passthrough et_flex_column_12_24 et_flex_column_12_24_tablet et_flex_column_24_24_phone\">\n<div class=\"et_pb_image_4 et_pb_image et_pb_module et_flex_module transparent\"><a href=\"https:\/\/nevin.ict-stage.ch\/wp-content\/uploads\/2026\/04\/NOR_26.jpg\" class=\"et_pb_lightbox_image\"><span class=\"et_pb_image_wrap\"><img loading=\"lazy\" decoding=\"async\" src=\"https:\/\/nevin.ict-stage.ch\/wp-content\/uploads\/2026\/04\/NOR_26.jpg\" title=\"NOR_26\" width=\"1732\" height=\"1299\" srcset=\"https:\/\/nevin.ict-stage.ch\/wp-content\/uploads\/2026\/04\/NOR_26.jpg 1732w\" sizes=\"(max-width: 1732px) 100vw, 1732px\" class=\"wp-image-60\" \/><\/span><\/a><\/div>\n\n<div class=\"et_pb_text_5 et_pb_text et_pb_bg_layout_light et_pb_module et_flex_module bild\"><div class=\"et_pb_text_inner\"><h6>Moderne Kunst und Architektur<\/h6>\n<p>Norwegen ist Vorreiter in moderner Kunst und Architektur. Geb\u00e4ude wie das Opernhaus in Oslo oder das Astrup Fearnley Museum verbinden Tradition mit futuristischem Design und machen die St\u00e4dte zu Kunstwerken.<\/p>\n<\/div><\/div>\n<\/div>\n<\/div>\n\n<div class=\"et_pb_row_5 et_pb_row et_flex_row et_animated\">\n<div class=\"et_pb_column_7 et_pb_column et_flex_column et_pb_css_mix_blend_mode_passthrough et_flex_column_12_24 et_flex_column_12_24_tablet et_flex_column_24_24_phone\">\n<div class=\"et_pb_image_5 et_pb_image et_pb_module et_flex_module transparent\"><a href=\"https:\/\/nevin.ict-stage.ch\/wp-content\/uploads\/2026\/04\/NOR_34.jpg\" class=\"et_pb_lightbox_image\"><span class=\"et_pb_image_wrap\"><img loading=\"lazy\" decoding=\"async\" src=\"https:\/\/nevin.ict-stage.ch\/wp-content\/uploads\/2026\/04\/NOR_34.jpg\" title=\"NOR_34\" width=\"1778\" height=\"1181\" srcset=\"https:\/\/nevin.ict-stage.ch\/wp-content\/uploads\/2026\/04\/NOR_34.jpg 1778w\" sizes=\"(max-width: 1778px) 100vw, 1778px\" class=\"wp-image-66\" \/><\/span><\/a><\/div>\n\n<div class=\"et_pb_text_6 et_pb_text et_pb_bg_layout_light et_pb_module et_flex_module\"><div class=\"et_pb_text_inner\"><h6>Feste und Br\u00e4uche<\/h6>\n<p>Feste wie der 17. Mai, Norwegens Nationalfeiertag, und Weihnachten sind stark verwurzelt. Die traditionellen Trachten (\"Bunad\") und die lebhaften Paraden verleihen diesen Feiern ihren besonderen Charakter.<\/p>\n<\/div><\/div>\n<\/div>\n\n<div class=\"et_pb_column_8 et_pb_column et-last-child et_flex_column et_pb_css_mix_blend_mode_passthrough et_flex_column_12_24 et_flex_column_12_24_tablet et_flex_column_24_24_phone\">\n<div class=\"et_pb_image_6 et_pb_image et_pb_module et_flex_module transparent\"><a href=\"https:\/\/nevin.ict-stage.ch\/wp-content\/uploads\/2026\/04\/NOR_30.jpg\" class=\"et_pb_lightbox_image\"><span class=\"et_pb_image_wrap\"><img loading=\"lazy\" decoding=\"async\" src=\"https:\/\/nevin.ict-stage.ch\/wp-content\/uploads\/2026\/04\/NOR_30.jpg\" title=\"NOR_30\" width=\"1778\" height=\"1181\" srcset=\"https:\/\/nevin.ict-stage.ch\/wp-content\/uploads\/2026\/04\/NOR_30.jpg 1778w\" sizes=\"(max-width: 1778px) 100vw, 1778px\" class=\"wp-image-62\" \/><\/span><\/a><\/div>\n\n<div class=\"et_pb_text_7 et_pb_text et_pb_bg_layout_light et_pb_module et_flex_module\"><div class=\"et_pb_text_inner\"><h6>Samische Kultur im hohen Norden<\/h6>\n<p>Im Norden lebt das indigene Volk der Samen. Traditionelle Rentierzucht, farbenfrohe Trachten und der Joik-Gesang sind nur einige Facetten dieser einzigartigen Kultur.<\/p>\n<\/div><\/div>\n<\/div>\n<\/div>\n<\/div>","protected":false},"excerpt":{"rendered":"","protected":false},"author":1,"featured_media":0,"parent":0,"menu_order":0,"comment_status":"closed","ping_status":"closed","template":"","meta":{"footnotes":""},"class_list":["post-115","page","type-page","status-publish","hentry"],"_links":{"self":[{"href":"https:\/\/nevin.ict-stage.ch\/index.php\/wp-json\/wp\/v2\/pages\/115","targetHints":{"allow":["GET"]}}],"collection":[{"href":"https:\/\/nevin.ict-stage.ch\/index.php\/wp-json\/wp\/v2\/pages"}],"about":[{"href":"https:\/\/nevin.ict-stage.ch\/index.php\/wp-json\/wp\/v2\/types\/page"}],"author":[{"embeddable":true,"href":"https:\/\/nevin.ict-stage.ch\/index.php\/wp-json\/wp\/v2\/users\/1"}],"replies":[{"embeddable":true,"href":"https:\/\/nevin.ict-stage.ch\/index.php\/wp-json\/wp\/v2\/comments?post=115"}],"version-history":[{"count":38,"href":"https:\/\/nevin.ict-stage.ch\/index.php\/wp-json\/wp\/v2\/pages\/115\/revisions"}],"predecessor-version":[{"id":512,"href":"https:\/\/nevin.ict-stage.ch\/index.php\/wp-json\/wp\/v2\/pages\/115\/revisions\/512"}],"wp:attachment":[{"href":"https:\/\/nevin.ict-stage.ch\/index.php\/wp-json\/wp\/v2\/media?parent=115"}],"curies":[{"name":"wp","href":"https:\/\/api.w.org\/{rel}","templated":true}]}}