{"id":248,"date":"2026-04-29T08:35:08","date_gmt":"2026-04-29T06:35:08","guid":{"rendered":"https:\/\/nevin.ict-stage.ch\/?page_id=248"},"modified":"2026-05-01T08:54:21","modified_gmt":"2026-05-01T06:54:21","slug":"reisen","status":"publish","type":"page","link":"https:\/\/nevin.ict-stage.ch\/index.php\/reisen\/","title":{"rendered":"Reisen"},"content":{"rendered":"<div class=\"et_pb_section_0 et_pb_section et_section_regular et_flex_section\">\n<div class=\"et_pb_row_0 et_pb_row et_flex_row\">\n<div class=\"et_pb_column_0 et_pb_column et-last-child et_flex_column et_pb_css_mix_blend_mode_passthrough et_flex_column_24_24 et_flex_column_24_24_tablet et_flex_column_24_24_phone\">\n<div class=\"et_pb_image_0 et_pb_image et_pb_module et_flex_module\"><span class=\"et_pb_image_wrap\"><img loading=\"lazy\" decoding=\"async\" src=\"https:\/\/nevin.ict-stage.ch\/wp-content\/uploads\/2026\/04\/Yacht_Titelbild_Reisen.jpg\" title=\"Yacht_Titelbild_Reisen\" width=\"1484\" height=\"508\" srcset=\"https:\/\/nevin.ict-stage.ch\/wp-content\/uploads\/2026\/04\/Yacht_Titelbild_Reisen.jpg 1484w\" sizes=\"(max-width: 1484px) 100vw, 1484px\" class=\"wp-image-310\" \/><\/span><\/div>\n<\/div>\n<\/div>\n<\/div>\n\n<div class=\"et_pb_section_1 et_pb_section et_section_regular et_flex_section\">\n<div class=\"et_pb_row_1 et_pb_row et_flex_row\">\n<div class=\"et_pb_column_1 et_pb_column et-last-child et_flex_column et_pb_css_mix_blend_mode_passthrough et_flex_column_24_24 et_flex_column_24_24_tablet et_flex_column_24_24_phone\">\n<div class=\"et_pb_text_0 et_pb_text et_pb_bg_layout_light et_pb_module et_flex_module\"><div class=\"et_pb_text_inner\"><p>Ihre Reise in den Norden leicht gemacht<\/p>\n<\/div><\/div>\n<\/div>\n<\/div>\n\n<div class=\"et_pb_row_2 et_pb_row et_flex_row\">\n<div class=\"et_pb_column_2 et_pb_column et_flex_column et_pb_css_mix_blend_mode_passthrough et_flex_column_12_24 et_flex_column_12_24_tablet et_flex_column_24_24_phone\">\n<div class=\"et_pb_text_1 et_pb_text et_pb_bg_layout_light et_animated et_pb_module et_flex_module\"><div class=\"et_pb_text_inner\"><p>Egal, ob Sie lieber mit dem Flugzeug, der F\u00e4hre oder dem Zug reisen \u2013 wir helfen Ihnen,<br \/>den besten Weg nach Norwegen zu finden. Unser Team steht Ihnen mit Rat und Tat zur Seite, um Ihre Anreise so angenehm wie m\u00f6glich zu gestalten.<\/p>\n<p>Mit einer Vielzahl an Direktfl\u00fcgen aus vielen europ\u00e4ischen St\u00e4dten sowie traumhaften Schiffs- und Zugverbindungen ist Norwegen schnell und bequem erreichbar. Geniessen Sie Ihre Reise schon ab dem ersten Moment.<\/p>\n<\/div><\/div>\n\n<div class=\"et_pb_image_1 et_pb_image et_animated et_pb_module et_flex_module transparent\"><a href=\"https:\/\/nevin.ict-stage.ch\/wp-content\/uploads\/2026\/04\/Yachat.jpg\" class=\"et_pb_lightbox_image\"><span class=\"et_pb_image_wrap\"><img loading=\"lazy\" decoding=\"async\" src=\"https:\/\/nevin.ict-stage.ch\/wp-content\/uploads\/2026\/04\/Yachat.jpg\" title=\"Yachat\" width=\"1778\" height=\"1181\" srcset=\"https:\/\/nevin.ict-stage.ch\/wp-content\/uploads\/2026\/04\/Yachat.jpg 1778w\" sizes=\"(max-width: 1778px) 100vw, 1778px\" class=\"wp-image-254\" \/><\/span><\/a><\/div>\n<\/div>\n\n<div class=\"et_pb_column_3 et_pb_column et-last-child et_flex_column et_pb_css_mix_blend_mode_passthrough et_flex_column_12_24 et_flex_column_12_24_tablet et_flex_column_24_24_phone\">\n<div class=\"et_pb_image_2 et_pb_image et_animated et_pb_module et_flex_module transparent\"><a href=\"https:\/\/nevin.ict-stage.ch\/wp-content\/uploads\/2026\/04\/Flughafen.jpg\" class=\"et_pb_lightbox_image\"><span class=\"et_pb_image_wrap\"><img loading=\"lazy\" decoding=\"async\" src=\"https:\/\/nevin.ict-stage.ch\/wp-content\/uploads\/2026\/04\/Flughafen.jpg\" title=\"Flughafen\" width=\"1500\" height=\"885\" srcset=\"https:\/\/nevin.ict-stage.ch\/wp-content\/uploads\/2026\/04\/Flughafen.jpg 1500w\" sizes=\"(max-width: 1500px) 100vw, 1500px\" class=\"wp-image-253\" \/><\/span><\/a><\/div>\n\n<div class=\"et_pb_text_2 et_pb_text et_pb_bg_layout_light et_animated et_pb_module et_flex_module\"><div class=\"et_pb_text_inner\"><p>Ob Abenteuer in der Wildnis, Entspannung in malerischen Fischerd\u00f6rfern oder das Erkunden pulsierender St\u00e4dte \u2013 wir bieten Ihnen massgeschneiderte Reisen, die Ihre Sehnsucht nach dem Norden stillen. <br \/>Lassen Sie uns gemeinsam Ihre Traumreise planen!<\/p>\n<p>Haben Sie Fragen zu unseren Angeboten oder m\u00f6chten Sie eine Reise buchen?<br \/>Z\u00f6gern Sie nicht, uns zu kontaktieren. Unser freundliches und kompetentes Team steht Ihnen jederzeit zur Verf\u00fcgung. <br \/>Egal, ob Sie Hilfe bei der Planung brauchen oder eine individuelle Beratung w\u00fcnschen \u2013 wir freuen uns, von Ihnen zu h\u00f6ren!<\/p>\n<\/div><\/div>\n<\/div>\n<\/div>\n<\/div>","protected":false},"excerpt":{"rendered":"","protected":false},"author":1,"featured_media":0,"parent":0,"menu_order":0,"comment_status":"closed","ping_status":"closed","template":"","meta":{"footnotes":""},"class_list":["post-248","page","type-page","status-publish","hentry"],"_links":{"self":[{"href":"https:\/\/nevin.ict-stage.ch\/index.php\/wp-json\/wp\/v2\/pages\/248","targetHints":{"allow":["GET"]}}],"collection":[{"href":"https:\/\/nevin.ict-stage.ch\/index.php\/wp-json\/wp\/v2\/pages"}],"about":[{"href":"https:\/\/nevin.ict-stage.ch\/index.php\/wp-json\/wp\/v2\/types\/page"}],"author":[{"embeddable":true,"href":"https:\/\/nevin.ict-stage.ch\/index.php\/wp-json\/wp\/v2\/users\/1"}],"replies":[{"embeddable":true,"href":"https:\/\/nevin.ict-stage.ch\/index.php\/wp-json\/wp\/v2\/comments?post=248"}],"version-history":[{"count":32,"href":"https:\/\/nevin.ict-stage.ch\/index.php\/wp-json\/wp\/v2\/pages\/248\/revisions"}],"predecessor-version":[{"id":509,"href":"https:\/\/nevin.ict-stage.ch\/index.php\/wp-json\/wp\/v2\/pages\/248\/revisions\/509"}],"wp:attachment":[{"href":"https:\/\/nevin.ict-stage.ch\/index.php\/wp-json\/wp\/v2\/media?parent=248"}],"curies":[{"name":"wp","href":"https:\/\/api.w.org\/{rel}","templated":true}]}}