{"id":319,"date":"2026-04-29T16:03:22","date_gmt":"2026-04-29T14:03:22","guid":{"rendered":"https:\/\/nevin.ict-stage.ch\/?page_id=319"},"modified":"2026-05-01T08:30:03","modified_gmt":"2026-05-01T06:30:03","slug":"kulinarik","status":"publish","type":"page","link":"https:\/\/nevin.ict-stage.ch\/index.php\/kulinarik\/","title":{"rendered":"Kulinarik"},"content":{"rendered":"<div class=\"et_pb_section_0 et_pb_section et_section_regular et_flex_section\">\n<div class=\"et_pb_row_0 et_pb_row et_flex_row\">\n<div class=\"et_pb_column_0 et_pb_column et-last-child et_flex_column et_pb_css_mix_blend_mode_passthrough et_flex_column_24_24 et_flex_column_24_24_tablet et_flex_column_24_24_phone\">\n<div class=\"et_pb_image_0 et_pb_image et_pb_module et_flex_module\"><span class=\"et_pb_image_wrap\"><img loading=\"lazy\" decoding=\"async\" src=\"https:\/\/nevin.ict-stage.ch\/wp-content\/uploads\/2026\/04\/Kulinarkik.jpg\" title=\"Kulinarkik\" width=\"1500\" height=\"514\" srcset=\"https:\/\/nevin.ict-stage.ch\/wp-content\/uploads\/2026\/04\/Kulinarkik.jpg 1500w\" sizes=\"(max-width: 1500px) 100vw, 1500px\" class=\"wp-image-321\" \/><\/span><\/div>\n<\/div>\n<\/div>\n<\/div>\n\n<div class=\"et_pb_section_1 et_pb_section et_section_regular et_flex_section\">\n<div class=\"et_pb_row_1 et_pb_row et_flex_row\">\n<div class=\"et_pb_column_1 et_pb_column et-last-child et_flex_column et_pb_css_mix_blend_mode_passthrough et_flex_column_12_24 et_flex_column_12_24_tablet et_flex_column_24_24_phone\">\n<div class=\"et_pb_text_0 et_pb_text et_pb_bg_layout_light et_pb_module et_flex_module\"><div class=\"et_pb_text_inner\"><p>Tauchen Sie ein in Norwegens reiche Kultur<\/p>\n<\/div><\/div>\n<\/div>\n<\/div>\n\n<div class=\"et_pb_row_2 et_pb_row et_flex_row\">\n<div class=\"et_pb_column_2 et_pb_column et_flex_column et_pb_css_mix_blend_mode_passthrough et_flex_column_12_24 et_flex_column_12_24_tablet et_flex_column_24_24_phone\">\n<div class=\"et_pb_text_1 et_pb_text et_pb_bg_layout_light et_animated et_pb_module et_flex_module\"><div class=\"et_pb_text_inner\"><p><b>Frisch, einfach und unvergesslich lecker:<\/b><br \/>Die norwegische K\u00fcche besticht durch ihre Einfachheit und die Qualit\u00e4t der regionalen Zutaten. Geniessen Sie fangfrischen Fisch, k\u00f6stliche Meeresfr\u00fcchte und traditionelle Gerichte wie \"R\u00f8mmegr\u00f8t\" oder \"Klippfisk\". Lernen Sie die Geheimnisse der nordischen K\u00fcche kennen, besuchen Sie gem\u00fctliche Fischrestaurants an der K\u00fcste oder probieren Sie Streetfood in den lebendigen St\u00e4dten. F\u00fcr jeden Geschmack ist etwas dabei \u2013 lassen Sie sich \u00fcberraschen!<br \/>Wir sind f\u00fcr Sie da.<\/p>\n<p>&nbsp;<\/p>\n<\/div><\/div>\n\n<div class=\"et_pb_text_2 et_pb_text et_pb_bg_layout_light et_animated et_pb_module et_flex_module\"><div class=\"et_pb_text_inner\"><p>Kulinarik \u2013 Tradition trifft Innovation<br \/>Die norwegische K\u00fcche ist bodenst\u00e4ndig und doch raffiniert. Regionale Spezialit\u00e4ten wie \"Lutefisk\" treffen auf moderne Kreationen, die Norwegen international Anerkennung gebracht haben.<\/p>\n<\/div><\/div>\n<\/div>\n\n<div class=\"et_pb_column_3 et_pb_column et-last-child et_flex_column et_pb_css_mix_blend_mode_passthrough et_flex_column_12_24 et_flex_column_12_24_tablet et_flex_column_24_24_phone\">\n<div class=\"et_pb_gallery_0 et_pb_gallery et_pb_bg_layout_light et_pb_slider et_pb_gallery_fullwidth clearfix et_pb_module\" data-auto-rotate=\"off\" data-auto-rotate-speed=\"\"><div class=\"et_pb_gallery_items et_post_gallery clearfix\" data-per_page=\"2\"><div class=\"et_pb_gallery_item et_pb_gallery_item_0_0\"><div class=\"et_pb_gallery_image landscape\" data-per_page=\"2\"><a href=\"https:\/\/nevin.ict-stage.ch\/wp-content\/uploads\/2026\/04\/NOR_32.jpg\" title=\"NOR_32\"><img loading=\"lazy\" decoding=\"async\" width=\"1732\" height=\"1299\" src=\"https:\/\/nevin.ict-stage.ch\/wp-content\/uploads\/2026\/04\/NOR_32.jpg\" alt=\"\" class=\"wp-image-64\" \/><span class=\"et_overlay\" data-icon=\"\" data-icon-tablet=\"\" data-icon-phone=\"\"><\/span><\/a><\/div><\/div><div class=\"et_pb_gallery_item et_pb_gallery_item_0_1\"><div class=\"et_pb_gallery_image landscape\" data-per_page=\"2\"><a href=\"https:\/\/nevin.ict-stage.ch\/wp-content\/uploads\/2026\/04\/NOR_23.jpg\" title=\"NOR_23\"><img loading=\"lazy\" decoding=\"async\" width=\"1732\" height=\"1299\" src=\"https:\/\/nevin.ict-stage.ch\/wp-content\/uploads\/2026\/04\/NOR_23.jpg\" alt=\"\" class=\"wp-image-33\" \/><span class=\"et_overlay\" data-icon=\"\" data-icon-tablet=\"\" data-icon-phone=\"\"><\/span><\/a><\/div><\/div><\/div><\/div>\n<\/div>\n<\/div>\n<\/div>","protected":false},"excerpt":{"rendered":"","protected":false},"author":1,"featured_media":0,"parent":0,"menu_order":0,"comment_status":"closed","ping_status":"closed","template":"","meta":{"footnotes":""},"class_list":["post-319","page","type-page","status-publish","hentry"],"_links":{"self":[{"href":"https:\/\/nevin.ict-stage.ch\/index.php\/wp-json\/wp\/v2\/pages\/319","targetHints":{"allow":["GET"]}}],"collection":[{"href":"https:\/\/nevin.ict-stage.ch\/index.php\/wp-json\/wp\/v2\/pages"}],"about":[{"href":"https:\/\/nevin.ict-stage.ch\/index.php\/wp-json\/wp\/v2\/types\/page"}],"author":[{"embeddable":true,"href":"https:\/\/nevin.ict-stage.ch\/index.php\/wp-json\/wp\/v2\/users\/1"}],"replies":[{"embeddable":true,"href":"https:\/\/nevin.ict-stage.ch\/index.php\/wp-json\/wp\/v2\/comments?post=319"}],"version-history":[{"count":18,"href":"https:\/\/nevin.ict-stage.ch\/index.php\/wp-json\/wp\/v2\/pages\/319\/revisions"}],"predecessor-version":[{"id":495,"href":"https:\/\/nevin.ict-stage.ch\/index.php\/wp-json\/wp\/v2\/pages\/319\/revisions\/495"}],"wp:attachment":[{"href":"https:\/\/nevin.ict-stage.ch\/index.php\/wp-json\/wp\/v2\/media?parent=319"}],"curies":[{"name":"wp","href":"https:\/\/api.w.org\/{rel}","templated":true}]}}