{"id":335,"date":"2026-04-30T07:46:24","date_gmt":"2026-04-30T05:46:24","guid":{"rendered":"https:\/\/nevin.ict-stage.ch\/?page_id=335"},"modified":"2026-05-01T08:54:53","modified_gmt":"2026-05-01T06:54:53","slug":"ueber-uns","status":"publish","type":"page","link":"https:\/\/nevin.ict-stage.ch\/index.php\/ueber-uns\/","title":{"rendered":"\u00dcber uns"},"content":{"rendered":"<div class=\"et_pb_section_0 et_pb_section et_section_regular et_flex_section\">\n<div class=\"et_pb_row_0 et_pb_row et_flex_row\">\n<div class=\"et_pb_column_0 et_pb_column et-last-child et_flex_column et_pb_css_mix_blend_mode_passthrough et_flex_column_24_24 et_flex_column_24_24_tablet et_flex_column_24_24_phone\">\n<div class=\"et_pb_image_0 et_pb_image et_pb_module et_flex_module\"><span class=\"et_pb_image_wrap\"><img loading=\"lazy\" decoding=\"async\" src=\"https:\/\/nevin.ict-stage.ch\/wp-content\/uploads\/2026\/04\/Ueber-uns_TItel.jpg\" title=\"\u00dcber uns_TItel\" width=\"1500\" height=\"514\" srcset=\"https:\/\/nevin.ict-stage.ch\/wp-content\/uploads\/2026\/04\/Ueber-uns_TItel.jpg 1500w\" sizes=\"(max-width: 1500px) 100vw, 1500px\" class=\"wp-image-337\" \/><\/span><\/div>\n<\/div>\n<\/div>\n<\/div>\n\n<div class=\"et_pb_section_1 et_pb_section et_section_regular et_flex_section\">\n<div class=\"et_pb_row_1 et_pb_row et_flex_row\">\n<div class=\"et_pb_column_1 et_pb_column et-last-child et_flex_column et_pb_css_mix_blend_mode_passthrough et_flex_column_24_24 et_flex_column_24_24_tablet et_flex_column_24_24_phone\">\n<div class=\"et_pb_text_0 et_pb_text et_pb_bg_layout_light et_pb_module et_flex_module\"><div class=\"et_pb_text_inner\"><p>\u00dcber uns<\/p>\n<\/div><\/div>\n\n<div class=\"et_pb_text_1 et_pb_text et_pb_bg_layout_light et_pb_module et_flex_module\"><div class=\"et_pb_text_inner\"><p>Warum ArcticEdge Tours?<\/p>\n<\/div><\/div>\n<\/div>\n<\/div>\n<\/div>\n\n<div class=\"et_pb_section_2 et_pb_section et_section_regular et_flex_section\">\n<div class=\"et_pb_row_2 et_pb_row et_flex_row\">\n<div class=\"et_pb_column_2 et_pb_column et_flex_column et_pb_css_mix_blend_mode_passthrough et_flex_column_8_24 et_flex_column_8_24_tablet et_flex_column_24_24_phone\">\n<div class=\"et_pb_image_1 et_pb_image et_animated et_pb_module et_flex_module\"><span class=\"et_pb_image_wrap\"><img loading=\"lazy\" decoding=\"async\" src=\"https:\/\/nevin.ict-stage.ch\/wp-content\/uploads\/2026\/04\/109613.png\" title=\"109613\" width=\"512\" height=\"512\" srcset=\"https:\/\/nevin.ict-stage.ch\/wp-content\/uploads\/2026\/04\/109613.png 512w\" sizes=\"(max-width: 512px) 100vw, 512px\" class=\"wp-image-380\" \/><\/span><\/div>\n\n<div class=\"et_pb_text_2 et_pb_text et_pb_bg_layout_light et_animated et_pb_module et_flex_module\"><div class=\"et_pb_text_inner\"><p>Expertise im Norden<\/p>\n<\/div><\/div>\n\n<div class=\"et_pb_text_3 et_pb_text et_pb_bg_layout_light et_animated et_pb_module et_flex_module\"><div class=\"et_pb_text_inner\"><p>Wir kennen die Region und arbeiten mit lokalen Partnern zusammen, um authentische Erlebnisse zu garantieren.<\/p>\n<\/div><\/div>\n<\/div>\n\n<div class=\"et_pb_column_3 et_pb_column et_flex_column et_pb_css_mix_blend_mode_passthrough et_flex_column_8_24 et_flex_column_8_24_tablet et_flex_column_24_24_phone\">\n<div class=\"et_pb_image_2 et_pb_image et_animated et_pb_module et_flex_module\"><span class=\"et_pb_image_wrap\"><img loading=\"lazy\" decoding=\"async\" src=\"https:\/\/nevin.ict-stage.ch\/wp-content\/uploads\/2026\/04\/Zahnrad-icon.png\" title=\"Zahnrad icon\" width=\"353\" height=\"263\" srcset=\"https:\/\/nevin.ict-stage.ch\/wp-content\/uploads\/2026\/04\/Zahnrad-icon.png 353w\" sizes=\"(max-width: 353px) 100vw, 353px\" class=\"wp-image-382\" \/><\/span><\/div>\n\n<div class=\"et_pb_text_4 et_pb_text et_pb_bg_layout_light et_animated et_pb_module et_flex_module\"><div class=\"et_pb_text_inner\"><p>Individuell abgestimmte Reisen<\/p>\n<\/div><\/div>\n\n<div class=\"et_pb_text_5 et_pb_text et_pb_bg_layout_light et_animated et_pb_module et_flex_module\"><div class=\"et_pb_text_inner\"><p>Jede Reise wird auf Ihre W\u00fcnsche und Vorlieben zugeschnitten.<\/p>\n<\/div><\/div>\n<\/div>\n\n<div class=\"et_pb_column_4 et_pb_column et-last-child et_flex_column et_pb_css_mix_blend_mode_passthrough et_flex_column_8_24 et_flex_column_8_24_tablet et_flex_column_24_24_phone\">\n<div class=\"et_pb_image_3 et_pb_image et_animated et_pb_module et_flex_module\"><span class=\"et_pb_image_wrap\"><img loading=\"lazy\" decoding=\"async\" src=\"https:\/\/nevin.ict-stage.ch\/wp-content\/uploads\/2026\/04\/171561.png\" title=\"171561\" width=\"512\" height=\"512\" srcset=\"https:\/\/nevin.ict-stage.ch\/wp-content\/uploads\/2026\/04\/171561.png 512w\" sizes=\"(max-width: 512px) 100vw, 512px\" class=\"wp-image-381\" \/><\/span><\/div>\n\n<div class=\"et_pb_text_6 et_pb_text et_pb_bg_layout_light et_animated et_pb_module et_flex_module\"><div class=\"et_pb_text_inner\"><p>Pers\u00f6nliche Betreuung<\/p>\n<\/div><\/div>\n\n<div class=\"et_pb_text_7 et_pb_text et_pb_bg_layout_light et_animated et_pb_module et_flex_module\"><div class=\"et_pb_text_inner\"><p>Sie erhalten von der Planung bis zur Durchf\u00fchrung Ihrer Reise eine direkte und unkomplizierte Betreuung.<\/p>\n<\/div><\/div>\n<\/div>\n<\/div>\n<\/div>\n\n<div class=\"et_pb_section_3 et_pb_section et_section_regular et_flex_section\">\n<div class=\"et_pb_row_3 et_pb_row et_flex_row\">\n<div class=\"et_pb_column_5 et_pb_column et-last-child et_flex_column et_pb_css_mix_blend_mode_passthrough et_flex_column_24_24 et_flex_column_24_24_tablet et_flex_column_24_24_phone\">\n<div class=\"et_pb_image_4 et_pb_image et_animated et_pb_module et_flex_module\"><span class=\"et_pb_image_wrap\"><img loading=\"lazy\" decoding=\"async\" src=\"https:\/\/nevin.ict-stage.ch\/wp-content\/uploads\/2026\/04\/fe2de9975d864e38acfd9933164954a6.jpg\" title=\"fe2de9975d864e38acfd9933164954a6\" width=\"500\" height=\"500\" srcset=\"https:\/\/nevin.ict-stage.ch\/wp-content\/uploads\/2026\/04\/fe2de9975d864e38acfd9933164954a6.jpg 500w\" sizes=\"(max-width: 500px) 100vw, 500px\" class=\"wp-image-355\" \/><\/span><\/div>\n\n<div class=\"et_pb_text_8 et_pb_text et_pb_bg_layout_light et_animated et_pb_module et_flex_module\"><div class=\"et_pb_text_inner\"><p>Charles Leclerck \u2013 Gr\u00fcnder &amp; Reiseexpert<\/p>\n<\/div><\/div>\n\n<div class=\"et_pb_text_9 et_pb_text et_pb_bg_layout_light et_animated et_pb_module et_flex_module preset--module--divi-text--pylsy1zyp5\"><div class=\"et_pb_text_inner\"><p>Mit einer tiefen Liebe zum Norden und jahrelanger Erfahrung in der Reisebranche gr\u00fcndete ich ArcticEdge Tours, um Reisenden das Beste von Norwegen zu zeigen.<\/p>\n<p>Ich lebe und arbeitete in Oslo, spreche fliessend Norwegisch und habe die entlegensten Orte des Landes selbst erkundet. Meine Leidenschaft ist es, einzigartige Reiseerlebnisse zu kreieren, die weit \u00fcber das Gew\u00f6hnliche hinausgehen.<\/p>\n<\/div><\/div>\n<\/div>\n<\/div>\n<\/div>\n\n<div class=\"et_pb_section_4 et_pb_section et_section_regular et_flex_section\">\n<div class=\"et_pb_row_4 et_pb_row et_flex_row\">\n<div class=\"et_pb_column_6 et_pb_column et_flex_column et_pb_css_mix_blend_mode_passthrough et_flex_column_12_24 et_flex_column_12_24_tablet et_flex_column_24_24_phone\">\n<div class=\"et_pb_image_5 et_pb_image et_animated et_pb_module et_flex_module transparent\"><span class=\"et_pb_image_wrap\"><img loading=\"lazy\" decoding=\"async\" src=\"https:\/\/nevin.ict-stage.ch\/wp-content\/uploads\/2026\/04\/NOR_54.jpg\" title=\"NOR_54\" width=\"1500\" height=\"958\" srcset=\"https:\/\/nevin.ict-stage.ch\/wp-content\/uploads\/2026\/04\/NOR_54.jpg 1500w\" sizes=\"(max-width: 1500px) 100vw, 1500px\" class=\"wp-image-81\" \/><\/span><\/div>\n<\/div>\n\n<div class=\"et_pb_column_7 et_pb_column et-last-child et_flex_column et_pb_css_mix_blend_mode_passthrough et_flex_column_12_24 et_flex_column_12_24_tablet et_flex_column_24_24_phone\">\n<div class=\"et_pb_text_10 et_pb_text et_pb_bg_layout_light et_animated et_pb_module et_flex_module\"><div class=\"et_pb_text_inner\"><p>ArcticEdge Tours \u2013 Ihr Experte f\u00fcr Reisen in den Norden<\/p>\n<p>&nbsp;<\/p>\n<\/div><\/div>\n\n<div class=\"et_pb_text_11 et_pb_text et_pb_bg_layout_light et_animated et_pb_module et_flex_module\"><div class=\"et_pb_text_inner\"><p>ArcticEdge Tours wurde mit der Leidenschaft gegr\u00fcndet, Reisenden die unber\u00fchrte Sch\u00f6nheit und die faszinierende Kultur des Nordens n\u00e4herzubringen.<\/p>\n<p>Wir sind spezialisiert auf massgeschneiderte Reisen nach Norwegen, die Ihnen unvergessliche Erlebnisse bieten \u2013 von den atemberaubenden Fjorden bis hin zu den magischen Polarlichtern. Unser Ziel ist es, Ihnen die perfekte Mischung aus Abenteuer, Erholung und kulturellen Entdeckungen zu bieten.<\/p>\n<\/div><\/div>\n<\/div>\n<\/div>\n<\/div>","protected":false},"excerpt":{"rendered":"","protected":false},"author":1,"featured_media":0,"parent":0,"menu_order":0,"comment_status":"closed","ping_status":"closed","template":"","meta":{"footnotes":""},"class_list":["post-335","page","type-page","status-publish","hentry"],"_links":{"self":[{"href":"https:\/\/nevin.ict-stage.ch\/index.php\/wp-json\/wp\/v2\/pages\/335","targetHints":{"allow":["GET"]}}],"collection":[{"href":"https:\/\/nevin.ict-stage.ch\/index.php\/wp-json\/wp\/v2\/pages"}],"about":[{"href":"https:\/\/nevin.ict-stage.ch\/index.php\/wp-json\/wp\/v2\/types\/page"}],"author":[{"embeddable":true,"href":"https:\/\/nevin.ict-stage.ch\/index.php\/wp-json\/wp\/v2\/users\/1"}],"replies":[{"embeddable":true,"href":"https:\/\/nevin.ict-stage.ch\/index.php\/wp-json\/wp\/v2\/comments?post=335"}],"version-history":[{"count":42,"href":"https:\/\/nevin.ict-stage.ch\/index.php\/wp-json\/wp\/v2\/pages\/335\/revisions"}],"predecessor-version":[{"id":510,"href":"https:\/\/nevin.ict-stage.ch\/index.php\/wp-json\/wp\/v2\/pages\/335\/revisions\/510"}],"wp:attachment":[{"href":"https:\/\/nevin.ict-stage.ch\/index.php\/wp-json\/wp\/v2\/media?parent=335"}],"curies":[{"name":"wp","href":"https:\/\/api.w.org\/{rel}","templated":true}]}}